{"id":372,"date":"2025-12-09T16:17:21","date_gmt":"2025-12-09T15:17:21","guid":{"rendered":"https:\/\/shop.profilsuccess.com\/?post_type=product&#038;p=372"},"modified":"2025-12-09T17:07:46","modified_gmt":"2025-12-09T16:07:46","slug":"assessment-360","status":"publish","type":"product","link":"https:\/\/shop.profilsuccess.com\/index.php\/produit\/assessment-360\/","title":{"rendered":"ASSESSMENT 360\u00b0"},"content":{"rendered":"<div id=\"comp-lf8i52nq\" class=\"Z_l5lU ku3DBC zQ9jDz qvSjx3 Vq6kJx comp-lf8i52nq wixui-rich-text\" data-testid=\"richTextElement\">\n<p data-start=\"219\" data-end=\"260\"><strong data-start=\"224\" data-end=\"260\">ASSESSMENT 360\u00b0 : <\/strong><\/p>\n<p>En fonction de l&rsquo;analyse RH, nous vous <span class=\"wixui-rich-text__text\">accompagnons<\/span> pour mettre la bonne personne \u00e0 la bonne place, <span class=\"wixui-rich-text__text\">optimiser<\/span> tous les processus RH et recruter les <span class=\"wixui-rich-text__text\">profils adapt\u00e9s<\/span> aux besoins de votre organisation. Nous pouvons, si vous le souhaitez, d\u00e9velopper votre propre <span class=\"wixui-rich-text__text\">marque blanche <\/span>afin d\u2019utiliser votre outil compl\u00e8tement adapt\u00e9 \u00e0 votre structure.<\/p>\n<p>&nbsp;<\/p>\n<p><strong data-start=\"499\" data-end=\"545\">1\ufe0f\u20e3 ANALYSE :<\/strong><\/p>\n<div id=\"comp-l4zndtax\" class=\"Z_l5lU ku3DBC zQ9jDz qvSjx3 Vq6kJx comp-l4zndtax wixui-rich-text\" data-testid=\"richTextElement\">\n<ol>\n<li class=\"font_7 wixui-rich-text__text\"><span class=\"wixui-rich-text__text\">Fiche de <\/span><span class=\"wixui-rich-text__text\">poste, <\/span><span class=\"wixui-rich-text__text\">missions<span class=\"color_36 wixui-rich-text__text\">,<\/span> r\u00f4les <span class=\"color_36 wixui-rich-text__text\">et <\/span>responsabilit\u00e9s<span class=\"color_36 wixui-rich-text__text\">.<\/span><\/span><\/li>\n<li>Caract\u00e9ristique ou cartographie des interactions.<\/li>\n<li>Validation du positionnement du futur candidat.<\/li>\n<\/ol>\n<\/div>\n<div id=\"comp-l4znaos4\" class=\"comp-l4znaos4 wixui-vector-image\">\n<div class=\"VDJedC l4CAhn\" data-testid=\"svgRoot-comp-l4znaos4\">\ud83d\udd52 Dur\u00e9e : 3 hrs en pr\u00e9sentiel<\/div>\n<div class=\"VDJedC l4CAhn\" data-testid=\"svgRoot-comp-l4znaos4\">\ud83d\udc64 Pr\u00e9-requis : Profil du hi\u00e9rarchique<\/div>\n<\/div>\n<p>&nbsp;<\/p>\n<p><strong data-start=\"716\" data-end=\"748\">2\ufe0f\u20e3 R\u00c9F\u00c9RENTIEL :\u00a0<\/strong><\/p>\n<\/div>\n<p>Cr\u00e9ation d&rsquo;un <strong>profil r\u00e9f\u00e9rentiel<\/strong> suivant les \u00e9l\u00e9ments issus de 3 donn\u00e9es :<\/p>\n<ol>\n<li>Identit\u00e9 de l&rsquo;entreprise<\/li>\n<li>Missions du poste recherch\u00e9<\/li>\n<li>Profil du hi\u00e9rarchique<\/li>\n<\/ol>\n<p>\ud83d\udd52 Dur\u00e9e : 3 hrs en analyse.<\/p>\n<p>&nbsp;<\/p>\n<div id=\"comp-lf8i52nq\" class=\"Z_l5lU ku3DBC zQ9jDz qvSjx3 Vq6kJx comp-lf8i52nq wixui-rich-text\" data-testid=\"richTextElement\">\n<p><strong data-start=\"992\" data-end=\"1020\">3\ufe0f\u20e3 INVESTIGATION<\/strong><\/p>\n<ol>\n<li>Elaboration des mots-cl\u00e9s issus du profil r\u00e9f\u00e9rentiel pour la recherche d&rsquo;un candidat.<\/li>\n<\/ol>\n<p>\ud83d\udd52 Dur\u00e9e : 3 hrs en analyse.<\/p>\n<p>&nbsp;<\/p>\n<p><strong data-start=\"1272\" data-end=\"1314\">4\ufe0f\u20e3 RESTITUTION<\/strong><\/p>\n<ol>\n<li data-start=\"1563\" data-end=\"1650\">Profilage des candidats s\u00e9lectionn\u00e9s :\n<ol>\n<li data-start=\"1563\" data-end=\"1650\">En ad\u00e9quation avec le profil r\u00e9f\u00e9rentiel<\/li>\n<li data-start=\"1563\" data-end=\"1650\">Evaluation du potentiel en rapport avec le poste<\/li>\n<li data-start=\"1563\" data-end=\"1650\">Pr\u00e9conisation des vigilances du profil<\/li>\n<li data-start=\"1563\" data-end=\"1650\">Piste d&rsquo;\u00e9volution du candidat<\/li>\n<li data-start=\"1563\" data-end=\"1650\">Pr\u00e9conisation d&rsquo;accompagnement \u00e0 la prise de poste<\/li>\n<\/ol>\n<\/li>\n<\/ol>\n<\/div>\n<p>\ud83d\udd52 Dur\u00e9e : 1 heure 30.<\/p>\n","protected":false},"excerpt":{"rendered":"<p>Un outil complet adapt\u00e9 aux <strong>Ressources Humaines<\/strong> qui combine r\u00e9f\u00e9rentiel, analyse, investigation et restitution pour une vision pr\u00e9cise des comp\u00e9tences.<\/p>\n","protected":false},"featured_media":373,"template":"","meta":[],"product_brand":[],"product_cat":[20],"product_tag":[],"class_list":{"0":"post-372","1":"product","2":"type-product","3":"status-publish","4":"has-post-thumbnail","6":"product_cat-skillsmapping","8":"first","9":"instock","10":"virtual","11":"taxable","12":"purchasable","13":"product-type-simple"},"_links":{"self":[{"href":"https:\/\/shop.profilsuccess.com\/index.php\/wp-json\/wp\/v2\/product\/372","targetHints":{"allow":["GET"]}}],"collection":[{"href":"https:\/\/shop.profilsuccess.com\/index.php\/wp-json\/wp\/v2\/product"}],"about":[{"href":"https:\/\/shop.profilsuccess.com\/index.php\/wp-json\/wp\/v2\/types\/product"}],"wp:featuredmedia":[{"embeddable":true,"href":"https:\/\/shop.profilsuccess.com\/index.php\/wp-json\/wp\/v2\/media\/373"}],"wp:attachment":[{"href":"https:\/\/shop.profilsuccess.com\/index.php\/wp-json\/wp\/v2\/media?parent=372"}],"wp:term":[{"taxonomy":"product_brand","embeddable":true,"href":"https:\/\/shop.profilsuccess.com\/index.php\/wp-json\/wp\/v2\/product_brand?post=372"},{"taxonomy":"product_cat","embeddable":true,"href":"https:\/\/shop.profilsuccess.com\/index.php\/wp-json\/wp\/v2\/product_cat?post=372"},{"taxonomy":"product_tag","embeddable":true,"href":"https:\/\/shop.profilsuccess.com\/index.php\/wp-json\/wp\/v2\/product_tag?post=372"}],"curies":[{"name":"wp","href":"https:\/\/api.w.org\/{rel}","templated":true}]}}