{"id":229,"date":"2025-03-25T10:41:47","date_gmt":"2025-03-25T09:41:47","guid":{"rendered":"https:\/\/shop.profilsuccess.com\/?post_type=product&#038;p=229"},"modified":"2025-03-25T14:33:59","modified_gmt":"2025-03-25T13:33:59","slug":"jeu-profilsuccess","status":"publish","type":"product","link":"https:\/\/shop.profilsuccess.com\/index.php\/produit\/jeu-profilsuccess\/","title":{"rendered":"Jeu de soci\u00e9t\u00e9 \u00ab\u00a0PROFIL-MOI SI TU PEUX\u00a0\u00bb"},"content":{"rendered":"<p data-start=\"93\" data-end=\"165\"><strong data-start=\"93\" data-end=\"163\">LE JEU PROFILSUCCESS\u00ae \u2013 le jeu qui d\u00e9crypte les comportements humains ! \ud83c\udfb2<\/strong><\/p>\n<p data-start=\"167\" data-end=\"454\">Cr\u00e9\u00e9 par les consultants du r\u00e9seau PROFILSUCCESS\u00ae, ce jeu unique vous plonge dans une exploration ludique et interactive du comportement humain. Gr\u00e2ce \u00e0 des outils simples et accessibles, il vous aide \u00e0 mieux comprendre comment chacun per\u00e7oit, r\u00e9fl\u00e9chit et agit selon son propre profil.<\/p>\n<p data-start=\"456\" data-end=\"715\">\ud83d\udd0d <strong data-start=\"459\" data-end=\"475\">Le concept ?<\/strong><br data-start=\"475\" data-end=\"478\" \/>Remplissez votre plateau de jeu en remportant des jetons \u00e0 travers des d\u00e9fis sensoriels et des mises en situation. Testez votre capacit\u00e9 \u00e0 vous mettre \u00e0 la place des autres et aff\u00fbtez votre compr\u00e9hension des diff\u00e9rentes personnalit\u00e9s !<\/p>\n<p data-start=\"717\" data-end=\"1122\">\ud83c\udfaf <strong data-start=\"720\" data-end=\"742\">D\u00e9roulement du jeu<\/strong> :<br data-start=\"744\" data-end=\"747\" \/>\ud83d\udd39 <strong data-start=\"750\" data-end=\"763\">Phase 1 :<\/strong> Relevez des d\u00e9fis sensoriels (Visuel, Auditif, Kinesth\u00e9sique) pour obtenir des jetons joker.<br data-start=\"856\" data-end=\"859\" \/>\ud83d\udd39 <strong data-start=\"862\" data-end=\"875\">Phase 2 :<\/strong> Analysez des profils et r\u00e9pondez aux situations en fonction des diff\u00e9rentes fa\u00e7ons de penser et d&rsquo;agir.<br data-start=\"979\" data-end=\"982\" \/>\ud83d\udd39 <strong data-start=\"985\" data-end=\"999\" data-is-only-node=\"\">Objectif :<\/strong> \u00catre le premier \u00e0 remplir son plateau en gagnant des jetons sur chaque cat\u00e9gorie (Imagination, Logique, Activit\u00e9, etc.).<\/p>\n<p data-start=\"1124\" data-end=\"1321\">\ud83d\udca1 <strong data-start=\"1127\" data-end=\"1167\">Un jeu strat\u00e9gique et intuitif pour\u2026<\/strong><br data-start=\"1167\" data-end=\"1170\" \/>\u2714 D\u00e9velopper son sens de l&rsquo;observation et de l\u2019analyse<br data-start=\"1224\" data-end=\"1227\" \/>\u2714 Comprendre la diversit\u00e9 des modes de pens\u00e9e<br data-start=\"1272\" data-end=\"1275\" \/>\u2714 Am\u00e9liorer sa communication et son empathie<\/p>\n<p data-start=\"1323\" data-end=\"1369\">\ud83d\udc65 <strong data-start=\"1326\" data-end=\"1367\">De 2 \u00e0 6 joueurs | \u00c0 partir de 15 ans<\/strong><\/p>\n<p data-start=\"1371\" data-end=\"1447\">Pr\u00eat \u00e0 relever le d\u00e9fi et \u00e0 percer les myst\u00e8res du comportement humain ?<\/p>\n","protected":false},"excerpt":{"rendered":"<p><strong>Le jeu qui d\u00e9crypte les comportements humains, cr\u00e9\u00e9 par les consultants du r\u00e9seau, \u00e0 partir de l&rsquo;outil de profilage PROFILSUCCESS\u00ae<\/strong> !<\/p>\n","protected":false},"featured_media":257,"template":"","meta":[],"product_brand":[],"product_cat":[27],"product_tag":[],"class_list":{"0":"post-229","1":"product","2":"type-product","3":"status-publish","4":"has-post-thumbnail","6":"product_cat-jeux-profilsuccess","8":"first","9":"instock","10":"taxable","11":"shipping-taxable","12":"purchasable","13":"product-type-simple"},"_links":{"self":[{"href":"https:\/\/shop.profilsuccess.com\/index.php\/wp-json\/wp\/v2\/product\/229","targetHints":{"allow":["GET"]}}],"collection":[{"href":"https:\/\/shop.profilsuccess.com\/index.php\/wp-json\/wp\/v2\/product"}],"about":[{"href":"https:\/\/shop.profilsuccess.com\/index.php\/wp-json\/wp\/v2\/types\/product"}],"wp:featuredmedia":[{"embeddable":true,"href":"https:\/\/shop.profilsuccess.com\/index.php\/wp-json\/wp\/v2\/media\/257"}],"wp:attachment":[{"href":"https:\/\/shop.profilsuccess.com\/index.php\/wp-json\/wp\/v2\/media?parent=229"}],"wp:term":[{"taxonomy":"product_brand","embeddable":true,"href":"https:\/\/shop.profilsuccess.com\/index.php\/wp-json\/wp\/v2\/product_brand?post=229"},{"taxonomy":"product_cat","embeddable":true,"href":"https:\/\/shop.profilsuccess.com\/index.php\/wp-json\/wp\/v2\/product_cat?post=229"},{"taxonomy":"product_tag","embeddable":true,"href":"https:\/\/shop.profilsuccess.com\/index.php\/wp-json\/wp\/v2\/product_tag?post=229"}],"curies":[{"name":"wp","href":"https:\/\/api.w.org\/{rel}","templated":true}]}}