{"id":100,"date":"2024-07-30T17:12:52","date_gmt":"2024-07-30T15:12:52","guid":{"rendered":"https:\/\/shop.profilsuccess.com\/?post_type=product&#038;p=100"},"modified":"2026-01-27T15:01:47","modified_gmt":"2026-01-27T14:01:47","slug":"profil-me","status":"publish","type":"product","link":"https:\/\/shop.profilsuccess.com\/index.php\/produit\/profil-me\/","title":{"rendered":"PROFIL-ME"},"content":{"rendered":"<h2 data-start=\"714\" data-end=\"747\">Choisissez votre consultant(e)<\/h2>\n<p data-start=\"749\" data-end=\"807\">Lors de votre commande, vous avez plusieurs possibilit\u00e9s :<\/p>\n<h3 data-start=\"809\" data-end=\"855\">\u2714\ufe0f Choisir directement votre consultant(e)<\/h3>\n<p data-start=\"856\" data-end=\"1020\">Vous pouvez s\u00e9lectionner le ou la consultant(e) de votre choix parmi la liste propos\u00e9e.<br data-start=\"943\" data-end=\"946\" \/>\u27a1\ufe0f Le <strong data-start=\"952\" data-end=\"1017\">num\u00e9ro indiqu\u00e9 entre parenth\u00e8ses correspond \u00e0 son d\u00e9partement<\/strong>.<\/p>\n<p data-start=\"1022\" data-end=\"1054\">L\u2019accompagnement peut se faire :<\/p>\n<ul data-start=\"1055\" data-end=\"1138\">\n<li data-start=\"1055\" data-end=\"1071\">\n<p data-start=\"1057\" data-end=\"1071\"><strong data-start=\"1057\" data-end=\"1071\">\u00c0 distance<\/strong><\/p>\n<\/li>\n<li data-start=\"1072\" data-end=\"1138\">\n<p data-start=\"1074\" data-end=\"1138\"><strong data-start=\"1074\" data-end=\"1091\">En pr\u00e9sentiel<\/strong> (selon la localisation du\/de la consultant(e))<\/p>\n<\/li>\n<\/ul>\n<hr data-start=\"1140\" data-end=\"1143\" \/>\n<h3 data-start=\"1145\" data-end=\"1199\">\u2714\ufe0f Vous ne connaissez pas encore les consultants ?<\/h3>\n<p data-start=\"1200\" data-end=\"1234\">S\u00e9lectionnez simplement l\u2019option :<\/p>\n<p data-start=\"1236\" data-end=\"1276\"><strong data-start=\"1236\" data-end=\"1276\">\u00ab Lequel me correspond ? (Conseil) \u00bb<\/strong><\/p>\n<p data-start=\"1278\" data-end=\"1504\">Dans ce cas, <strong data-start=\"1291\" data-end=\"1338\">nous vous contacterons apr\u00e8s votre commande<\/strong> afin d\u2019\u00e9changer avec vous sur vos attentes, vos besoins et vos objectifs, et ainsi <strong data-start=\"1422\" data-end=\"1485\">vous orienter vers le ou la consultant(e) le plus adapt\u00e9(e)<\/strong> \u00e0 votre situation.<\/p>\n<hr data-start=\"1506\" data-end=\"1509\" \/>\n<h2 data-start=\"1511\" data-end=\"1532\">Important \u00e0 savoir<\/h2>\n<ul data-start=\"1534\" data-end=\"1858\">\n<li data-start=\"1534\" data-end=\"1601\">\n<p data-start=\"1536\" data-end=\"1601\">\u2705 <strong data-start=\"1538\" data-end=\"1601\">Cette page correspond \u00e0 la commande de votre test CAPEFFICIENCE<\/strong><\/p>\n<\/li>\n<li data-start=\"1602\" data-end=\"1769\">\n<p data-start=\"1604\" data-end=\"1769\">\u2705 <strong data-start=\"1606\" data-end=\"1685\">L\u2019accompagnement li\u00e9 au test (restitution, suivi, dur\u00e9e de l\u2019accompagnement)<\/strong> sera r\u00e9alis\u00e9 <strong data-start=\"1699\" data-end=\"1767\">directement avec le ou la consultant(e) que vous aurez choisi(e)<\/strong><\/p>\n<\/li>\n<\/ul>\n<p>N\ud835\ude30\ud835\ude35\ud835\ude33\ud835\ude26 \ud835\ude2e\ud835\ude2a\ud835\ude34\ud835\ude34\ud835\ude2a\ud835\ude30\ud835\ude2f ? T\u2019accompagner \u00e0 d\u00e9terminer tes modes de fonctionnement, de d\u00e9couvrir ce qui te motive, ce qui te plait le plus, t&rsquo;aider dans le choix d&rsquo;un avenir futur qui te corresponde et de devenir acteur de ta r\u00e9ussite !<\/p>\n","protected":false},"excerpt":{"rendered":"<p data-start=\"711\" data-end=\"823\">Commandez votre test CAPEFFICIENCE \/ PROFIL-ME qui accompagne les 15-25 ans et choisissez votre consultant(e) pour un accompagnement <strong data-start=\"789\" data-end=\"820\">\u00e0 distance ou en pr\u00e9sentiel<\/strong>.<\/p>\n<p data-start=\"825\" data-end=\"1021\">Vous ne connaissez pas encore nos consultants ? S\u00e9lectionnez <strong data-start=\"886\" data-end=\"926\">\u00ab Lequel me correspond ? (Conseil) \u00bb<\/strong>, et nous vous aiderons \u00e0 trouver le ou la professionnel(le) le plus adapt\u00e9(e) \u00e0 vos besoins.<\/p>\n<p data-start=\"1023\" data-end=\"1141\">\u27a1\ufe0f <strong data-start=\"1026\" data-end=\"1091\">Plus d\u2019infos sur l\u2019accompagnement et le choix des consultants<\/strong> dans la section <strong data-start=\"1108\" data-end=\"1127\">\u00ab Description \u00bb<\/strong> ci-dessous.<\/p>\n","protected":false},"featured_media":378,"template":"","meta":[],"product_brand":[],"product_cat":[21],"product_tag":[],"class_list":{"0":"post-100","1":"product","2":"type-product","3":"status-publish","4":"has-post-thumbnail","6":"product_cat-capefficience","8":"first","9":"instock","10":"taxable","11":"shipping-taxable","12":"purchasable","13":"product-type-variable"},"_links":{"self":[{"href":"https:\/\/shop.profilsuccess.com\/index.php\/wp-json\/wp\/v2\/product\/100","targetHints":{"allow":["GET"]}}],"collection":[{"href":"https:\/\/shop.profilsuccess.com\/index.php\/wp-json\/wp\/v2\/product"}],"about":[{"href":"https:\/\/shop.profilsuccess.com\/index.php\/wp-json\/wp\/v2\/types\/product"}],"wp:featuredmedia":[{"embeddable":true,"href":"https:\/\/shop.profilsuccess.com\/index.php\/wp-json\/wp\/v2\/media\/378"}],"wp:attachment":[{"href":"https:\/\/shop.profilsuccess.com\/index.php\/wp-json\/wp\/v2\/media?parent=100"}],"wp:term":[{"taxonomy":"product_brand","embeddable":true,"href":"https:\/\/shop.profilsuccess.com\/index.php\/wp-json\/wp\/v2\/product_brand?post=100"},{"taxonomy":"product_cat","embeddable":true,"href":"https:\/\/shop.profilsuccess.com\/index.php\/wp-json\/wp\/v2\/product_cat?post=100"},{"taxonomy":"product_tag","embeddable":true,"href":"https:\/\/shop.profilsuccess.com\/index.php\/wp-json\/wp\/v2\/product_tag?post=100"}],"curies":[{"name":"wp","href":"https:\/\/api.w.org\/{rel}","templated":true}]}}